{"id":89,"date":"2022-12-16T13:43:10","date_gmt":"2022-12-16T12:43:10","guid":{"rendered":"https:\/\/www.parking-odonnell53.com\/aviso-legal\/"},"modified":"2022-12-17T02:46:53","modified_gmt":"2022-12-17T01:46:53","slug":"legal-notice","status":"publish","type":"page","link":"https:\/\/www.parking-odonnell53.com\/en\/legal-notice\/","title":{"rendered":"Legal Notice"},"content":{"rendered":"<p>[et_pb_section fb_built=&#8221;1&#8243; _builder_version=&#8221;4.19.3&#8243; _module_preset=&#8221;default&#8221; custom_padding=&#8221;0px||0px||false|false&#8221; global_colors_info=&#8221;{}&#8221;][et_pb_row _builder_version=&#8221;4.19.3&#8243; _module_preset=&#8221;default&#8221; width=&#8221;100%&#8221; max_width=&#8221;2560px&#8221; custom_padding=&#8221;0px||0px||false|false&#8221; global_colors_info=&#8221;{}&#8221;][et_pb_column type=&#8221;4_4&#8243; _builder_version=&#8221;4.19.3&#8243; _module_preset=&#8221;default&#8221; global_colors_info=&#8221;{}&#8221;][et_pb_slider _builder_version=&#8221;4.19.3&#8243; _module_preset=&#8221;default&#8221; global_colors_info=&#8221;{}&#8221;][et_pb_slide heading=&#8221;Legal Notice&#8221; use_bg_overlay=&#8221;on&#8221; use_text_overlay=&#8221;off&#8221; _builder_version=&#8221;4.19.3&#8243; _module_preset=&#8221;default&#8221; header_level=&#8221;h2&#8243; header_font=&#8221;|800|||||||&#8221; header_font_size=&#8221;72px&#8221; header_letter_spacing=&#8221;2px&#8221; background_image=&#8221;https:\/\/www.parking-odonnell53.com\/wp-content\/uploads\/2022\/12\/planta-2odonnell53.jpg&#8221; background_enable_image=&#8221;on&#8221; custom_padding=&#8221;10%||10%||true|false&#8221; global_colors_info=&#8221;{}&#8221; sticky_transition=&#8221;on&#8221;][\/et_pb_slide][\/et_pb_slider][\/et_pb_column][\/et_pb_row][\/et_pb_section][et_pb_section fb_built=&#8221;1&#8243; _builder_version=&#8221;4.19.3&#8243; _module_preset=&#8221;default&#8221; hover_enabled=&#8221;0&#8243; global_colors_info=&#8221;{}&#8221; background_color=&#8221;#eaeaea&#8221; sticky_enabled=&#8221;0&#8243;][et_pb_row _builder_version=&#8221;4.19.3&#8243; _module_preset=&#8221;default&#8221; custom_padding=&#8221;2rem|2rem|2rem|2rem|true|true&#8221; hover_enabled=&#8221;0&#8243; border_radii=&#8221;on|6px|6px|6px|6px&#8221; box_shadow_style=&#8221;preset1&#8243; global_colors_info=&#8221;{}&#8221; background_color=&#8221;#FFFFFF&#8221; sticky_enabled=&#8221;0&#8243;][et_pb_column type=&#8221;4_4&#8243; _builder_version=&#8221;4.19.3&#8243; _module_preset=&#8221;default&#8221; global_colors_info=&#8221;{}&#8221;][et_pb_text _builder_version=&#8221;4.19.3&#8243; _module_preset=&#8221;default&#8221; animation_style=&#8221;slide&#8221; border_width_bottom=&#8221;1px&#8221; border_color_bottom=&#8221;#dadada&#8221; global_colors_info=&#8221;{}&#8221;]<\/p>\n<h2>Website owner<\/h2>\n<p>[\/et_pb_text][et_pb_text _builder_version=&#8221;4.19.3&#8243; _module_preset=&#8221;default&#8221; animation_style=&#8221;slide&#8221; global_colors_info=&#8221;{}&#8221;]<\/p>\n<p><strong>Denominaci\u00f3n Social:<\/strong> Convenci\u00f3n 2000 S.L.<\/p>\n<p><strong>CIF:<\/strong> B82597345<\/p>\n<p><strong>Domicilio Social:<\/strong> Paseo Reina Cristina, 9 (28045 Madrid)<\/p>\n<p><strong>Contact:<\/strong><\/p>\n<ul>\n<li><strong>Tel\u00e9fono\/fax:<\/strong> 912214060 \/ 912212061<\/li>\n<li><strong>Email:<\/strong> <a href=\"mailto:info@novotelmadridcenter.com\">info@novotelmadridcenter.com<\/a><\/li>\n<\/ul>\n<p><strong>Datos de Inscripci\u00f3n en el Registro Mercantil:<\/strong> Tomo 15262, Folio 17, Hoja 255632<\/p>\n<p>[\/et_pb_text][\/et_pb_column][\/et_pb_row][\/et_pb_section]<\/p>\n","protected":false},"excerpt":{"rendered":"<p>Website ownerDenominaci\u00f3n Social: Convenci\u00f3n 2000 S.L. CIF: B82597345 Domicilio Social: Paseo Reina Cristina, 9 (28045 Madrid) Contact: Tel\u00e9fono\/fax: 912214060 \/ 912212061 Email: info@novotelmadridcenter.com Datos de Inscripci\u00f3n en el Registro Mercantil: Tomo 15262, Folio 17, Hoja 255632<\/p>\n","protected":false},"author":1,"featured_media":0,"parent":0,"menu_order":0,"comment_status":"closed","ping_status":"closed","template":"","meta":{"_et_pb_use_builder":"on","_et_pb_old_content":"","_et_gb_content_width":"","footnotes":""},"class_list":["post-89","page","type-page","status-publish","hentry"],"yoast_head":"<!-- This site is optimized with the Yoast SEO plugin v27.4 - https:\/\/yoast.com\/product\/yoast-seo-wordpress\/ -->\n<title>Legal Notice - Parking P\u00fablico O&#039;donnell 53<\/title>\n<meta name=\"robots\" content=\"index, follow, max-snippet:-1, max-image-preview:large, max-video-preview:-1\" \/>\n<link rel=\"canonical\" href=\"https:\/\/www.parking-odonnell53.com\/en\/legal-notice\/\" \/>\n<meta property=\"og:locale\" content=\"en_US\" \/>\n<meta property=\"og:type\" content=\"article\" \/>\n<meta property=\"og:title\" content=\"Legal Notice - Parking P\u00fablico O&#039;donnell 53\" \/>\n<meta property=\"og:description\" content=\"Website ownerDenominaci\u00f3n Social: Convenci\u00f3n 2000 S.L. CIF: B82597345 Domicilio Social: Paseo Reina Cristina, 9 (28045 Madrid) Contact: Tel\u00e9fono\/fax: 912214060 \/ 912212061 Email: info@novotelmadridcenter.com Datos de Inscripci\u00f3n en el Registro Mercantil: Tomo 15262, Folio 17, Hoja 255632\" \/>\n<meta property=\"og:url\" content=\"https:\/\/www.parking-odonnell53.com\/en\/legal-notice\/\" \/>\n<meta property=\"og:site_name\" content=\"Parking P\u00fablico O&#039;donnell 53\" \/>\n<meta property=\"article:modified_time\" content=\"2022-12-17T01:46:53+00:00\" \/>\n<meta name=\"twitter:card\" content=\"summary_large_image\" \/>\n<meta name=\"twitter:label1\" content=\"Est. reading time\" \/>\n\t<meta name=\"twitter:data1\" content=\"1 minute\" \/>\n<script type=\"application\/ld+json\" class=\"yoast-schema-graph\">{\"@context\":\"https:\\\/\\\/schema.org\",\"@graph\":[{\"@type\":\"WebPage\",\"@id\":\"https:\\\/\\\/www.parking-odonnell53.com\\\/en\\\/legal-notice\\\/\",\"url\":\"https:\\\/\\\/www.parking-odonnell53.com\\\/en\\\/legal-notice\\\/\",\"name\":\"Legal Notice - Parking P\u00fablico O&#039;donnell 53\",\"isPartOf\":{\"@id\":\"https:\\\/\\\/www.parking-odonnell53.com\\\/en\\\/#website\"},\"datePublished\":\"2022-12-16T12:43:10+00:00\",\"dateModified\":\"2022-12-17T01:46:53+00:00\",\"breadcrumb\":{\"@id\":\"https:\\\/\\\/www.parking-odonnell53.com\\\/en\\\/legal-notice\\\/#breadcrumb\"},\"inLanguage\":\"en-US\",\"potentialAction\":[{\"@type\":\"ReadAction\",\"target\":[\"https:\\\/\\\/www.parking-odonnell53.com\\\/en\\\/legal-notice\\\/\"]}]},{\"@type\":\"BreadcrumbList\",\"@id\":\"https:\\\/\\\/www.parking-odonnell53.com\\\/en\\\/legal-notice\\\/#breadcrumb\",\"itemListElement\":[{\"@type\":\"ListItem\",\"position\":1,\"name\":\"Portada\",\"item\":\"https:\\\/\\\/www.parking-odonnell53.com\\\/en\\\/\"},{\"@type\":\"ListItem\",\"position\":2,\"name\":\"Legal Notice\"}]},{\"@type\":\"WebSite\",\"@id\":\"https:\\\/\\\/www.parking-odonnell53.com\\\/en\\\/#website\",\"url\":\"https:\\\/\\\/www.parking-odonnell53.com\\\/en\\\/\",\"name\":\"Parking P\u00fablico O&#039;donnell 53\",\"description\":\"Parking cerca del Wizink Center, en Novotel Madrid Center\",\"potentialAction\":[{\"@type\":\"SearchAction\",\"target\":{\"@type\":\"EntryPoint\",\"urlTemplate\":\"https:\\\/\\\/www.parking-odonnell53.com\\\/en\\\/?s={search_term_string}\"},\"query-input\":{\"@type\":\"PropertyValueSpecification\",\"valueRequired\":true,\"valueName\":\"search_term_string\"}}],\"inLanguage\":\"en-US\"}]}<\/script>\n<!-- \/ Yoast SEO plugin. -->","yoast_head_json":{"title":"Legal Notice - Parking P\u00fablico O&#039;donnell 53","robots":{"index":"index","follow":"follow","max-snippet":"max-snippet:-1","max-image-preview":"max-image-preview:large","max-video-preview":"max-video-preview:-1"},"canonical":"https:\/\/www.parking-odonnell53.com\/en\/legal-notice\/","og_locale":"en_US","og_type":"article","og_title":"Legal Notice - Parking P\u00fablico O&#039;donnell 53","og_description":"Website ownerDenominaci\u00f3n Social: Convenci\u00f3n 2000 S.L. CIF: B82597345 Domicilio Social: Paseo Reina Cristina, 9 (28045 Madrid) Contact: Tel\u00e9fono\/fax: 912214060 \/ 912212061 Email: info@novotelmadridcenter.com Datos de Inscripci\u00f3n en el Registro Mercantil: Tomo 15262, Folio 17, Hoja 255632","og_url":"https:\/\/www.parking-odonnell53.com\/en\/legal-notice\/","og_site_name":"Parking P\u00fablico O&#039;donnell 53","article_modified_time":"2022-12-17T01:46:53+00:00","twitter_card":"summary_large_image","twitter_misc":{"Est. reading time":"1 minute"},"schema":{"@context":"https:\/\/schema.org","@graph":[{"@type":"WebPage","@id":"https:\/\/www.parking-odonnell53.com\/en\/legal-notice\/","url":"https:\/\/www.parking-odonnell53.com\/en\/legal-notice\/","name":"Legal Notice - Parking P\u00fablico O&#039;donnell 53","isPartOf":{"@id":"https:\/\/www.parking-odonnell53.com\/en\/#website"},"datePublished":"2022-12-16T12:43:10+00:00","dateModified":"2022-12-17T01:46:53+00:00","breadcrumb":{"@id":"https:\/\/www.parking-odonnell53.com\/en\/legal-notice\/#breadcrumb"},"inLanguage":"en-US","potentialAction":[{"@type":"ReadAction","target":["https:\/\/www.parking-odonnell53.com\/en\/legal-notice\/"]}]},{"@type":"BreadcrumbList","@id":"https:\/\/www.parking-odonnell53.com\/en\/legal-notice\/#breadcrumb","itemListElement":[{"@type":"ListItem","position":1,"name":"Portada","item":"https:\/\/www.parking-odonnell53.com\/en\/"},{"@type":"ListItem","position":2,"name":"Legal Notice"}]},{"@type":"WebSite","@id":"https:\/\/www.parking-odonnell53.com\/en\/#website","url":"https:\/\/www.parking-odonnell53.com\/en\/","name":"Parking P\u00fablico O&#039;donnell 53","description":"Parking cerca del Wizink Center, en Novotel Madrid Center","potentialAction":[{"@type":"SearchAction","target":{"@type":"EntryPoint","urlTemplate":"https:\/\/www.parking-odonnell53.com\/en\/?s={search_term_string}"},"query-input":{"@type":"PropertyValueSpecification","valueRequired":true,"valueName":"search_term_string"}}],"inLanguage":"en-US"}]}},"_links":{"self":[{"href":"https:\/\/www.parking-odonnell53.com\/en\/wp-json\/wp\/v2\/pages\/89","targetHints":{"allow":["GET"]}}],"collection":[{"href":"https:\/\/www.parking-odonnell53.com\/en\/wp-json\/wp\/v2\/pages"}],"about":[{"href":"https:\/\/www.parking-odonnell53.com\/en\/wp-json\/wp\/v2\/types\/page"}],"author":[{"embeddable":true,"href":"https:\/\/www.parking-odonnell53.com\/en\/wp-json\/wp\/v2\/users\/1"}],"replies":[{"embeddable":true,"href":"https:\/\/www.parking-odonnell53.com\/en\/wp-json\/wp\/v2\/comments?post=89"}],"version-history":[{"count":7,"href":"https:\/\/www.parking-odonnell53.com\/en\/wp-json\/wp\/v2\/pages\/89\/revisions"}],"predecessor-version":[{"id":229,"href":"https:\/\/www.parking-odonnell53.com\/en\/wp-json\/wp\/v2\/pages\/89\/revisions\/229"}],"wp:attachment":[{"href":"https:\/\/www.parking-odonnell53.com\/en\/wp-json\/wp\/v2\/media?parent=89"}],"curies":[{"name":"wp","href":"https:\/\/api.w.org\/{rel}","templated":true}]}}