{"id":95,"date":"2022-12-16T13:43:48","date_gmt":"2022-12-16T12:43:48","guid":{"rendered":"https:\/\/www.parking-odonnell53.com\/politica-de-cookies\/"},"modified":"2023-02-17T11:40:06","modified_gmt":"2023-02-17T10:40:06","slug":"cookie-policy","status":"publish","type":"page","link":"https:\/\/www.parking-odonnell53.com\/en\/cookie-policy\/","title":{"rendered":"Cookie Policy"},"content":{"rendered":"<p>[et_pb_section fb_built=&#8221;1&#8243; _builder_version=&#8221;4.19.3&#8243; _module_preset=&#8221;default&#8221; custom_padding=&#8221;0px||0px||false|false&#8221; global_colors_info=&#8221;{}&#8221;][et_pb_row _builder_version=&#8221;4.19.3&#8243; _module_preset=&#8221;default&#8221; width=&#8221;100%&#8221; max_width=&#8221;2560px&#8221; custom_padding=&#8221;0px||0px||false|false&#8221; global_colors_info=&#8221;{}&#8221;][et_pb_column type=&#8221;4_4&#8243; _builder_version=&#8221;4.19.3&#8243; _module_preset=&#8221;default&#8221; global_colors_info=&#8221;{}&#8221;][et_pb_slider _builder_version=&#8221;4.19.3&#8243; _module_preset=&#8221;default&#8221; global_colors_info=&#8221;{}&#8221;][et_pb_slide heading=&#8221;Cookie Policy&#8221; use_bg_overlay=&#8221;on&#8221; use_text_overlay=&#8221;off&#8221; _builder_version=&#8221;4.19.3&#8243; _module_preset=&#8221;default&#8221; header_level=&#8221;h2&#8243; header_font=&#8221;|800|||||||&#8221; header_font_size=&#8221;72px&#8221; header_letter_spacing=&#8221;2px&#8221; background_image=&#8221;https:\/\/www.parking-odonnell53.com\/wp-content\/uploads\/2022\/12\/plazas-parking-odonnell-53.jpg&#8221; background_enable_image=&#8221;on&#8221; custom_padding=&#8221;10%||10%||true|false&#8221; global_colors_info=&#8221;{}&#8221; sticky_transition=&#8221;on&#8221;][\/et_pb_slide][\/et_pb_slider][\/et_pb_column][\/et_pb_row][\/et_pb_section][et_pb_section fb_built=&#8221;1&#8243; _builder_version=&#8221;4.19.3&#8243; _module_preset=&#8221;default&#8221; background_color=&#8221;#eaeaea&#8221; hover_enabled=&#8221;0&#8243; global_colors_info=&#8221;{}&#8221; sticky_enabled=&#8221;0&#8243;][et_pb_row _builder_version=&#8221;4.19.3&#8243; _module_preset=&#8221;default&#8221; background_color=&#8221;#FFFFFF&#8221; custom_padding=&#8221;2rem|2rem|2rem|2rem|true|true&#8221; border_radii=&#8221;on|6px|6px|6px|6px&#8221; box_shadow_style=&#8221;preset1&#8243; global_colors_info=&#8221;{}&#8221;][et_pb_column type=&#8221;4_4&#8243; _builder_version=&#8221;4.19.3&#8243; _module_preset=&#8221;default&#8221; global_colors_info=&#8221;{}&#8221;][et_pb_text _builder_version=&#8221;4.19.3&#8243; _module_preset=&#8221;default&#8221; animation_style=&#8221;slide&#8221; border_width_bottom=&#8221;1px&#8221; border_color_bottom=&#8221;#dadada&#8221; global_colors_info=&#8221;{}&#8221;]<\/p>\n<h2>Cookie Policy<\/h2>\n<p>[\/et_pb_text][et_pb_text _builder_version=&#8221;4.19.3&#8243; _module_preset=&#8221;default&#8221; animation_style=&#8221;slide&#8221; global_colors_info=&#8221;{}&#8221;]<\/p>\n<p>Este web utiliza &#8216;cookies&#8217; propias y de terceros para ofrecerle una mejor experiencia y servicio. Al navegar o utilizar nuestros servicios el usuario acepta el uso que hacemos de las &#8216;cookies&#8217;. Sin embargo, el usuario tiene la opci\u00f3n de impedir la generaci\u00f3n de &#8216;cookies&#8217; y la eliminaci\u00f3n de las mismas mediante la selecci\u00f3n de la correspondiente opci\u00f3n en su navegador. En caso de bloquear el uso de &#8216;cookies&#8217; en su navegador es posible que algunos servicios o funcionalidades de la p\u00e1gina web no est\u00e9n disponibles.<\/p>\n<h4><strong><\/strong><\/h4>\n<h4><strong>\u00bfQu\u00e9 es una &#8216;cookie&#8217;?<\/strong><\/h4>\n<p>Una &#8216;cookie&#8217; es un peque\u00f1o fragmento de texto que los sitios web env\u00edan al navegador y que se almacenan en el terminal del usuario, el cual puede ser un ordenador personal, un tel\u00e9fono m\u00f3vil, una tableta, etc. Estos archivos permiten que el sitio web recuerde informaci\u00f3n sobre su visita, como el idioma y las opciones preferidas, lo que puede facilitar su pr\u00f3xima visita y hacer que el sitio resulte m\u00e1s \u00fatil al personalizar su contenido. Las &#8216;cookies&#8217; desempe\u00f1an un papel muy importante, al mejorar la experiencia del uso de la web.<\/p>\n<h4><strong><\/strong><\/h4>\n<h4><strong>\u00bfC\u00f3mo se utilizan las &#8216;cookies&#8217;?<\/strong><\/h4>\n<p>Al navegar por este portal web el usuario est\u00e1 aceptando que se puedan instalar &#8216;cookies&#8217; en su terminal y que nos permiten conocer la siguiente informaci\u00f3n:<\/p>\n<ul type=\"disc\">\n<li>Informaci\u00f3n estad\u00edstica del uso de la web.<\/li>\n<li>El &#8216;login&#8217; del usuario para mantener la sesi\u00f3n activa en la web.<\/li>\n<\/ul>\n<h4><strong><\/strong><\/h4>\n<h4><strong>Tipos de &#8216;cookies&#8217; utilizadas<\/strong><\/h4>\n<p>Esta web utiliza tanto &#8216;cookies&#8217; temporales de sesi\u00f3n como &#8216;cookies&#8217; permanentes. Las &#8216;cookies&#8217; de sesi\u00f3n almacenan datos \u00fanicamente mientras el usuario accede a la web y las &#8216;cookies&#8217; permanentes almacenan los datos en el terminal para que sean accedidos y utilizados en m\u00e1s de una sesi\u00f3n.<\/p>\n<p>Seg\u00fan la finalidad para la que se traten los datos obtenidos a trav\u00e9s de las &#8216;cookies&#8217;, el web puede utilizar:<\/p>\n<p><strong><em>&#8216;Cookies&#8217; t\u00e9cnicas<\/em><\/strong><\/p>\n<p>Son aqu\u00e9llas que permiten al usuario la navegaci\u00f3n a trav\u00e9s de la p\u00e1gina web o aplicaci\u00f3n y la utilizaci\u00f3n de las diferentes opciones o servicios que en ella existen. Por ejemplo, controlar el tr\u00e1fico y la comunicaci\u00f3n de datos, identificar la sesi\u00f3n, acceder a las partes web de acceso restringido, recordar los elementos que integran un pedido, realizar la solicitud de inscripci\u00f3n o participaci\u00f3n en un evento, utilizar elementos de seguridad durante la navegaci\u00f3n y almacenar contenidos para la difusi\u00f3n de videos o sonido.<\/p>\n<p><strong><em>&#8216;Cookies&#8217; de personalizaci\u00f3n<\/em><\/strong><\/p>\n<p>Son aqu\u00e9llas que permiten al usuario acceder al servicio con algunas caracter\u00edsticas de car\u00e1cter general predefinidas en su terminal o que el propio usuario defina. Por ejemplo, el idioma, el tipo de navegador a trav\u00e9s del cual accede al servicio, el dise\u00f1o de contenidos seleccionado, geolocalizaci\u00f3n del terminal y la configuraci\u00f3n regional desde donde se accede al servicio.<\/p>\n<p><strong><em>&#8216;Cookies&#8217; de an\u00e1lisis estad\u00edstico<\/em><\/strong><\/p>\n<p>Son aqu\u00e9llas que permiten realizar el seguimiento y an\u00e1lisis del comportamiento de los usuarios en los sitios web. La informaci\u00f3n recogida mediante este tipo de &#8216;cookies&#8217; se utiliza en la medici\u00f3n de la actividad de los sitios web, aplicaci\u00f3n o plataforma y para la elaboraci\u00f3n de perfiles de navegaci\u00f3n de los usuarios de dichos sitios, con el fin de introducir mejoras en el servicio en funci\u00f3n de los datos de uso que hacen los usuarios.<\/p>\n<p><strong><em>&#8216;Cookies&#8217; de terceros<\/em><\/strong><\/p>\n<p>En algunas p\u00e1ginas web se pueden instalar &#8216;cookies&#8217; de terceros que permiten gestionar y mejorar los servicios ofrecidos. Como por ejemplo, servicios estad\u00edsticos de Google Analytics y Comscore.<\/p>\n<p><strong><\/strong><\/p>\n<h4><strong>\u00bfC\u00f3mo administrar &#8216;cookies&#8217; en el navegador?<\/strong><\/h4>\n<p>El usuario tiene la opci\u00f3n de permitir, bloquear o eliminar las &#8216;cookies&#8217; instaladas en su equipo mediante la configuraci\u00f3n de las opciones del navegador instalado en su terminal:<\/p>\n<p>Para ajustar los permisos relacionados con las &#8216;cookies&#8217; en el navegador<span> <\/span><strong>Google Chrome<span> <\/span><\/strong>:<\/p>\n<ul type=\"disc\">\n<li>Hacer clic en el men\u00fa situado en la barra de herramientas.<\/li>\n<li>Seleccionar<span> <\/span><strong>Configuraci\u00f3n<\/strong>.<\/li>\n<li>Hacer clic en<span> <\/span><strong>Mostar opciones avanzadas<\/strong>.<\/li>\n<li>En la secci\u00f3n &#8216;Privacidad&#8217; hacer clic en el bot\u00f3n<span> <\/span><strong>Configuraci\u00f3n de contenido<\/strong>.<\/li>\n<li>En la secci\u00f3n de &#8216;Cookies&#8217; se pueden configurar las opciones.<\/li>\n<\/ul>\n<p>M\u00e1s informaci\u00f3n sobre Google Chrome<\/p>\n<p>Para ajustar los permisos relacionados con las &#8216;cookies&#8217; en el navegador<span> <\/span><strong>MozillaFirefox<\/strong>:<\/p>\n<ul type=\"disc\">\n<li>En la parte superior de la ventana de Firefox hacer clic en el men\u00fa<span> <\/span><strong>Herramientas<\/strong>.<\/li>\n<li>Seleccionar<span> <\/span><strong>Opciones.<\/strong><\/li>\n<li>Seleccionar el panel<span> <\/span><strong>Privacidad<\/strong>.<\/li>\n<li>En la opci\u00f3n Firefox podr\u00e1 elegir<span> <\/span><strong>Usar una configuraci\u00f3n personalizada parael historial<\/strong>para configurar las opciones.<\/li>\n<\/ul>\n<p>M\u00e1s informaci\u00f3n sobre Mozilla Firefox<\/p>\n<p>Para ajustar los permisos relacionados con las &#8216;cookies&#8217; en el navegador<span> <\/span><strong>Internet Explorer 9<\/strong>:<\/p>\n<ul type=\"disc\">\n<li>En la parte superior de la ventana de Internet Explorer hacer clic en el men\u00fa<span> <\/span><strong>Herramientas.<\/strong><\/li>\n<li>Seleccionar la pesta\u00f1a de<span> <\/span><strong>Seguridad<\/strong><span> <\/span>y utilizar la opci\u00f3n<span> <\/span><strong>Eliminar el historial de exploraci\u00f3n<span> <\/span><\/strong>para eliminar las &#8216;cookies&#8217;. Activar la casilla<span> <\/span><strong>&#8216;Cookies&#8217;<span> <\/span><\/strong>y, a continuaci\u00f3n, hacer clic en<span> <\/span><strong>Eliminar<\/strong>.<\/li>\n<li>Seleccionar la pesta\u00f1a de<span> <\/span><strong>Seguridad<\/strong><span> <\/span>y acceder a<span> <\/span><strong>Configuraci\u00f3n<\/strong>. Mover el control deslizante totalmente hacia arriba para bloquear todas las &#8216;cookies&#8217; o totalmente hacia abajo para permitir todas las &#8216;cookies&#8217;. Tras ello, hacer clic en<span> <\/span><strong>Aceptar<\/strong>.<\/li>\n<\/ul>\n<p>M\u00e1s informaci\u00f3n sobre Internet Explorer 9<\/p>\n<p>En caso de bloquear el uso de &#8216;cookies&#8217; en su navegador es posible que algunos servicios o funcionalidades de la p\u00e1gina web no est\u00e9n disponibles.<\/p>\n<p>En algunos navegadores se pueden configurar reglas espec\u00edficas para administrar &#8216;cookies&#8217; por sitio web, lo que ofrece un control m\u00e1s preciso sobre la privacidad. Esto significa que se puede inhabilitar &#8216;cookies&#8217; de todos los sitios salvo de aquellos en los que se conf\u00ede.<\/p>\n<p>[\/et_pb_text][\/et_pb_column][\/et_pb_row][\/et_pb_section]<\/p>\n","protected":false},"excerpt":{"rendered":"<p>Cookie PolicyEste web utiliza &#8216;cookies&#8217; propias y de terceros para ofrecerle una mejor experiencia y servicio. Al navegar o utilizar nuestros servicios el usuario acepta el uso que hacemos de las &#8216;cookies&#8217;. Sin embargo, el usuario tiene la opci\u00f3n de impedir la generaci\u00f3n de &#8216;cookies&#8217; y la eliminaci\u00f3n de las mismas mediante la selecci\u00f3n de [&hellip;]<\/p>\n","protected":false},"author":1,"featured_media":0,"parent":0,"menu_order":0,"comment_status":"closed","ping_status":"closed","template":"","meta":{"_et_pb_use_builder":"on","_et_pb_old_content":"","_et_gb_content_width":"","footnotes":""},"class_list":["post-95","page","type-page","status-publish","hentry"],"yoast_head":"<!-- This site is optimized with the Yoast SEO plugin v27.4 - https:\/\/yoast.com\/product\/yoast-seo-wordpress\/ -->\n<title>Cookie Policy - Parking P\u00fablico O&#039;donnell 53<\/title>\n<meta name=\"robots\" content=\"index, follow, max-snippet:-1, max-image-preview:large, max-video-preview:-1\" \/>\n<link rel=\"canonical\" href=\"https:\/\/www.parking-odonnell53.com\/en\/cookie-policy\/\" \/>\n<meta property=\"og:locale\" content=\"en_US\" \/>\n<meta property=\"og:type\" content=\"article\" \/>\n<meta property=\"og:title\" content=\"Cookie Policy - Parking P\u00fablico O&#039;donnell 53\" \/>\n<meta property=\"og:description\" content=\"Cookie PolicyEste web utiliza &#039;cookies&#039; propias y de terceros para ofrecerle una mejor experiencia y servicio. Al navegar o utilizar nuestros servicios el usuario acepta el uso que hacemos de las &#039;cookies&#039;. Sin embargo, el usuario tiene la opci\u00f3n de impedir la generaci\u00f3n de &#039;cookies&#039; y la eliminaci\u00f3n de las mismas mediante la selecci\u00f3n de [&hellip;]\" \/>\n<meta property=\"og:url\" content=\"https:\/\/www.parking-odonnell53.com\/en\/cookie-policy\/\" \/>\n<meta property=\"og:site_name\" content=\"Parking P\u00fablico O&#039;donnell 53\" \/>\n<meta property=\"article:modified_time\" content=\"2023-02-17T10:40:06+00:00\" \/>\n<meta name=\"twitter:card\" content=\"summary_large_image\" \/>\n<meta name=\"twitter:label1\" content=\"Est. reading time\" \/>\n\t<meta name=\"twitter:data1\" content=\"6 minutes\" \/>\n<script type=\"application\/ld+json\" class=\"yoast-schema-graph\">{\"@context\":\"https:\\\/\\\/schema.org\",\"@graph\":[{\"@type\":\"WebPage\",\"@id\":\"https:\\\/\\\/www.parking-odonnell53.com\\\/en\\\/cookie-policy\\\/\",\"url\":\"https:\\\/\\\/www.parking-odonnell53.com\\\/en\\\/cookie-policy\\\/\",\"name\":\"Cookie Policy - Parking P\u00fablico O&#039;donnell 53\",\"isPartOf\":{\"@id\":\"https:\\\/\\\/www.parking-odonnell53.com\\\/en\\\/#website\"},\"datePublished\":\"2022-12-16T12:43:48+00:00\",\"dateModified\":\"2023-02-17T10:40:06+00:00\",\"breadcrumb\":{\"@id\":\"https:\\\/\\\/www.parking-odonnell53.com\\\/en\\\/cookie-policy\\\/#breadcrumb\"},\"inLanguage\":\"en-US\",\"potentialAction\":[{\"@type\":\"ReadAction\",\"target\":[\"https:\\\/\\\/www.parking-odonnell53.com\\\/en\\\/cookie-policy\\\/\"]}]},{\"@type\":\"BreadcrumbList\",\"@id\":\"https:\\\/\\\/www.parking-odonnell53.com\\\/en\\\/cookie-policy\\\/#breadcrumb\",\"itemListElement\":[{\"@type\":\"ListItem\",\"position\":1,\"name\":\"Portada\",\"item\":\"https:\\\/\\\/www.parking-odonnell53.com\\\/en\\\/\"},{\"@type\":\"ListItem\",\"position\":2,\"name\":\"Cookie Policy\"}]},{\"@type\":\"WebSite\",\"@id\":\"https:\\\/\\\/www.parking-odonnell53.com\\\/en\\\/#website\",\"url\":\"https:\\\/\\\/www.parking-odonnell53.com\\\/en\\\/\",\"name\":\"Parking P\u00fablico O&#039;donnell 53\",\"description\":\"Parking cerca del Wizink Center, en Novotel Madrid Center\",\"potentialAction\":[{\"@type\":\"SearchAction\",\"target\":{\"@type\":\"EntryPoint\",\"urlTemplate\":\"https:\\\/\\\/www.parking-odonnell53.com\\\/en\\\/?s={search_term_string}\"},\"query-input\":{\"@type\":\"PropertyValueSpecification\",\"valueRequired\":true,\"valueName\":\"search_term_string\"}}],\"inLanguage\":\"en-US\"}]}<\/script>\n<!-- \/ Yoast SEO plugin. -->","yoast_head_json":{"title":"Cookie Policy - Parking P\u00fablico O&#039;donnell 53","robots":{"index":"index","follow":"follow","max-snippet":"max-snippet:-1","max-image-preview":"max-image-preview:large","max-video-preview":"max-video-preview:-1"},"canonical":"https:\/\/www.parking-odonnell53.com\/en\/cookie-policy\/","og_locale":"en_US","og_type":"article","og_title":"Cookie Policy - Parking P\u00fablico O&#039;donnell 53","og_description":"Cookie PolicyEste web utiliza 'cookies' propias y de terceros para ofrecerle una mejor experiencia y servicio. Al navegar o utilizar nuestros servicios el usuario acepta el uso que hacemos de las 'cookies'. Sin embargo, el usuario tiene la opci\u00f3n de impedir la generaci\u00f3n de 'cookies' y la eliminaci\u00f3n de las mismas mediante la selecci\u00f3n de [&hellip;]","og_url":"https:\/\/www.parking-odonnell53.com\/en\/cookie-policy\/","og_site_name":"Parking P\u00fablico O&#039;donnell 53","article_modified_time":"2023-02-17T10:40:06+00:00","twitter_card":"summary_large_image","twitter_misc":{"Est. reading time":"6 minutes"},"schema":{"@context":"https:\/\/schema.org","@graph":[{"@type":"WebPage","@id":"https:\/\/www.parking-odonnell53.com\/en\/cookie-policy\/","url":"https:\/\/www.parking-odonnell53.com\/en\/cookie-policy\/","name":"Cookie Policy - Parking P\u00fablico O&#039;donnell 53","isPartOf":{"@id":"https:\/\/www.parking-odonnell53.com\/en\/#website"},"datePublished":"2022-12-16T12:43:48+00:00","dateModified":"2023-02-17T10:40:06+00:00","breadcrumb":{"@id":"https:\/\/www.parking-odonnell53.com\/en\/cookie-policy\/#breadcrumb"},"inLanguage":"en-US","potentialAction":[{"@type":"ReadAction","target":["https:\/\/www.parking-odonnell53.com\/en\/cookie-policy\/"]}]},{"@type":"BreadcrumbList","@id":"https:\/\/www.parking-odonnell53.com\/en\/cookie-policy\/#breadcrumb","itemListElement":[{"@type":"ListItem","position":1,"name":"Portada","item":"https:\/\/www.parking-odonnell53.com\/en\/"},{"@type":"ListItem","position":2,"name":"Cookie Policy"}]},{"@type":"WebSite","@id":"https:\/\/www.parking-odonnell53.com\/en\/#website","url":"https:\/\/www.parking-odonnell53.com\/en\/","name":"Parking P\u00fablico O&#039;donnell 53","description":"Parking cerca del Wizink Center, en Novotel Madrid Center","potentialAction":[{"@type":"SearchAction","target":{"@type":"EntryPoint","urlTemplate":"https:\/\/www.parking-odonnell53.com\/en\/?s={search_term_string}"},"query-input":{"@type":"PropertyValueSpecification","valueRequired":true,"valueName":"search_term_string"}}],"inLanguage":"en-US"}]}},"_links":{"self":[{"href":"https:\/\/www.parking-odonnell53.com\/en\/wp-json\/wp\/v2\/pages\/95","targetHints":{"allow":["GET"]}}],"collection":[{"href":"https:\/\/www.parking-odonnell53.com\/en\/wp-json\/wp\/v2\/pages"}],"about":[{"href":"https:\/\/www.parking-odonnell53.com\/en\/wp-json\/wp\/v2\/types\/page"}],"author":[{"embeddable":true,"href":"https:\/\/www.parking-odonnell53.com\/en\/wp-json\/wp\/v2\/users\/1"}],"replies":[{"embeddable":true,"href":"https:\/\/www.parking-odonnell53.com\/en\/wp-json\/wp\/v2\/comments?post=95"}],"version-history":[{"count":10,"href":"https:\/\/www.parking-odonnell53.com\/en\/wp-json\/wp\/v2\/pages\/95\/revisions"}],"predecessor-version":[{"id":309,"href":"https:\/\/www.parking-odonnell53.com\/en\/wp-json\/wp\/v2\/pages\/95\/revisions\/309"}],"wp:attachment":[{"href":"https:\/\/www.parking-odonnell53.com\/en\/wp-json\/wp\/v2\/media?parent=95"}],"curies":[{"name":"wp","href":"https:\/\/api.w.org\/{rel}","templated":true}]}}